{"id":93,"date":"2026-01-19T18:44:43","date_gmt":"2026-01-19T18:44:43","guid":{"rendered":"https:\/\/drustvo-svjakob.si\/?page_id=93"},"modified":"2026-03-08T00:29:34","modified_gmt":"2026-03-08T00:29:34","slug":"arhiv","status":"publish","type":"page","link":"https:\/\/drustvo-svjakob.si\/index.php\/arhiv\/","title":{"rendered":"Arhiv"},"content":{"rendered":"\n<div class=\"wp-block-columns alignwide has-base-background-color has-background is-layout-flex wp-container-core-columns-is-layout-25593187 wp-block-columns-is-layout-flex\">\n<div class=\"wp-block-column is-vertically-aligned-center is-layout-flow wp-container-core-column-is-layout-40a2a7e8 wp-block-column-is-layout-flow\" style=\"padding-right:0;padding-bottom:0;padding-left:0\">\n<figure class=\"wp-block-image size-full is-resized has-custom-border\"><img loading=\"lazy\" decoding=\"async\" width=\"2560\" height=\"1708\" src=\"https:\/\/drustvo-svjakob.si\/wp-content\/uploads\/2026\/01\/DSC_6542-scaled.jpg\" alt=\"\" class=\"wp-image-184\" style=\"border-radius:8px;aspect-ratio:1.4988940451923494;width:459px;height:auto\" srcset=\"https:\/\/drustvo-svjakob.si\/wp-content\/uploads\/2026\/01\/DSC_6542-scaled.jpg 2560w, https:\/\/drustvo-svjakob.si\/wp-content\/uploads\/2026\/01\/DSC_6542-768x512.jpg 768w, https:\/\/drustvo-svjakob.si\/wp-content\/uploads\/2026\/01\/DSC_6542-1536x1025.jpg 1536w, https:\/\/drustvo-svjakob.si\/wp-content\/uploads\/2026\/01\/DSC_6542-2048x1367.jpg 2048w\" sizes=\"auto, (max-width: 2560px) 100vw, 2560px\" \/><\/figure>\n<\/div>\n\n\n\n<div class=\"wp-block-column is-vertically-aligned-center is-layout-flow wp-container-core-column-is-layout-a1628350 wp-block-column-is-layout-flow\" style=\"padding-top:0;padding-right:0;padding-bottom:0;padding-left:0\">\n<div class=\"wp-block-group is-layout-flow wp-container-core-group-is-layout-ff697075 wp-block-group-is-layout-flow\">\n<h3 class=\"wp-block-heading has-text-align-left has-superbfont-xlarge-font-size\" style=\"line-height:1.2\">Arhiv Dru\u0161tva sv. Jakoba Kamnik<\/h3>\n\n\n\n<p class=\"has-text-align-left has-luminous-vivid-amber-color has-text-color has-superbfont-small-font-size\">Na tej strani najdete arhivsko gradivo, \u010dlanke, fotografije &amp;c <\/p>\n\n\n\n<p class=\"has-text-align-left has-vivid-red-color has-text-color has-superbfont-tiny-font-size\"><strong>UPORABA \u010cLANKOV IN ARHIVSKEGA GRADIVA DRU\u0160TVA SV. JAKOBA KAMNIK ZA KOMERCIJALNE IN DRUGE AVTORSKE NAMENE JE DOVOLJENA LE POD POGOJEM PRIDOBITVE SOGLASJA S STRANI VODSTVA DRU\u0160TVA. ZA UPORABO GRADIVA NAS KONTAKTIRAJTE NA SPLETNI PO\u0160TNI NASLOV: info[at]drustvo-svjakob.si<\/strong><\/p>\n\n\n\n<p><\/p>\n<\/div>\n<\/div>\n<\/div>\n\n\n\n<div class=\"wp-block-group alignfull has-global-padding is-layout-constrained wp-container-core-group-is-layout-72f47186 wp-block-group-is-layout-constrained\" style=\"margin-top:0;margin-bottom:0;padding-top:var(--wp--preset--spacing--superbspacing-medium);padding-right:var(--wp--preset--spacing--superbspacing-small);padding-bottom:var(--wp--preset--spacing--superbspacing-medium);padding-left:var(--wp--preset--spacing--superbspacing-small)\">\n<div class=\"wp-block-columns is-layout-flex wp-container-core-columns-is-layout-28f84493 wp-block-columns-is-layout-flex\">\n<div class=\"wp-block-column has-border-color has-mono-3-border-color has-base-background-color has-background is-layout-flow wp-block-column-is-layout-flow\" style=\"border-width:1px;padding-top:var(--wp--preset--spacing--superbspacing-xsmall);padding-right:var(--wp--preset--spacing--superbspacing-xsmall);padding-bottom:var(--wp--preset--spacing--superbspacing-xsmall);padding-left:var(--wp--preset--spacing--superbspacing-xsmall)\">\n<h3 class=\"wp-block-heading has-superbfont-medium-font-size\" style=\"margin-top:0;margin-bottom:0\"><strong>Arhiv dogodkov<\/strong><\/h3>\n\n\n\n<p class=\"has-luminous-vivid-amber-color has-text-color has-superbfont-xsmall-font-size\" style=\"margin-top:var(--wp--preset--spacing--superbspacing-xxsmall);margin-bottom:0\">Na tej strani najdete celoten arhiv preteklih dogodkov po letih.<\/p>\n\n\n\n<div class=\"wp-block-buttons is-layout-flex wp-block-buttons-is-layout-flex\">\n<div class=\"wp-block-button is-style-outline is-style-outline--1\"><a class=\"wp-block-button__link has-base-color has-text-color has-background has-link-color has-superbfont-xsmall-font-size has-custom-font-size wp-element-button\" href=\"https:\/\/drustvo-svjakob.si\/index.php\/arhiv-dogodkov\/\" style=\"background-color:#d20909\">VSTOPI V ARHIV<\/a><\/div>\n<\/div>\n<\/div>\n\n\n\n<div class=\"wp-block-column has-border-color has-mono-3-border-color has-base-background-color has-background is-layout-flow wp-block-column-is-layout-flow\" style=\"border-width:1px;padding-top:var(--wp--preset--spacing--superbspacing-xsmall);padding-right:var(--wp--preset--spacing--superbspacing-xsmall);padding-bottom:var(--wp--preset--spacing--superbspacing-xsmall);padding-left:var(--wp--preset--spacing--superbspacing-xsmall)\">\n<h3 class=\"wp-block-heading has-superbfont-medium-font-size\" style=\"margin-top:0;margin-bottom:0\"><strong>Fotografski arhiv<\/strong><\/h3>\n\n\n\n<p class=\"has-luminous-vivid-amber-color has-text-color has-superbfont-xsmall-font-size\" style=\"margin-top:var(--wp--preset--spacing--superbspacing-xxsmall);margin-bottom:0\">Na tej strani najdete fotografski arhiv iz na\u0161ih dogodkov, ekskurzij..<\/p>\n\n\n\n<div class=\"wp-block-buttons is-layout-flex wp-block-buttons-is-layout-flex\">\n<div class=\"wp-block-button is-style-outline is-style-outline--2\"><a class=\"wp-block-button__link has-base-color has-text-color has-background has-link-color has-superbfont-xsmall-font-size has-custom-font-size wp-element-button\" style=\"background-color:#d20909\">VSTOPI V ARHIV<\/a><\/div>\n<\/div>\n<\/div>\n\n\n\n<div class=\"wp-block-column has-border-color has-mono-3-border-color has-base-background-color has-background is-layout-flow wp-block-column-is-layout-flow\" style=\"border-width:1px;padding-top:var(--wp--preset--spacing--superbspacing-xsmall);padding-right:var(--wp--preset--spacing--superbspacing-xsmall);padding-bottom:var(--wp--preset--spacing--superbspacing-xsmall);padding-left:var(--wp--preset--spacing--superbspacing-xsmall)\">\n<h3 class=\"wp-block-heading has-superbfont-medium-font-size\" style=\"margin-top:0;margin-bottom:0\"><strong>Ostalo gradivo<\/strong><\/h3>\n\n\n\n<p class=\"has-luminous-vivid-amber-color has-text-color has-superbfont-xsmall-font-size\" style=\"margin-top:var(--wp--preset--spacing--superbspacing-xxsmall);margin-bottom:0\">Prezentacije, filmi..<\/p>\n\n\n\n<div class=\"wp-block-buttons is-layout-flex wp-block-buttons-is-layout-flex\">\n<div class=\"wp-block-button is-style-outline is-style-outline--3\"><a class=\"wp-block-button__link has-base-color has-text-color has-background has-link-color has-superbfont-xsmall-font-size has-custom-font-size wp-element-button\" style=\"background-color:#d20909\">VSTOPI V ARHIV<\/a><\/div>\n<\/div>\n<\/div>\n<\/div>\n<\/div>\n\n\n\n<p><\/p>\n","protected":false},"excerpt":{"rendered":"<p>Arhiv Dru\u0161tva sv. Jakoba Kamnik Na tej strani najdete arhivsko gradivo, \u010dlanke, fotografije &amp;c UPORABA \u010cLANKOV IN ARHIVSKEGA GRADIVA DRU\u0160TVA SV. JAKOBA KAMNIK ZA KOMERCIJALNE IN DRUGE AVTORSKE NAMENE JE DOVOLJENA LE POD POGOJEM PRIDOBITVE SOGLASJA S STRANI VODSTVA DRU\u0160TVA. ZA UPORABO GRADIVA NAS KONTAKTIRAJTE NA SPLETNI PO\u0160TNI NASLOV: info[at]drustvo-svjakob.si Arhiv dogodkov Na tej strani [&hellip;]<\/p>\n","protected":false},"author":1,"featured_media":0,"parent":0,"menu_order":0,"comment_status":"closed","ping_status":"closed","template":"","meta":{"footnotes":""},"class_list":["post-93","page","type-page","status-publish","hentry"],"jetpack_sharing_enabled":true,"_links":{"self":[{"href":"https:\/\/drustvo-svjakob.si\/index.php\/wp-json\/wp\/v2\/pages\/93","targetHints":{"allow":["GET"]}}],"collection":[{"href":"https:\/\/drustvo-svjakob.si\/index.php\/wp-json\/wp\/v2\/pages"}],"about":[{"href":"https:\/\/drustvo-svjakob.si\/index.php\/wp-json\/wp\/v2\/types\/page"}],"author":[{"embeddable":true,"href":"https:\/\/drustvo-svjakob.si\/index.php\/wp-json\/wp\/v2\/users\/1"}],"replies":[{"embeddable":true,"href":"https:\/\/drustvo-svjakob.si\/index.php\/wp-json\/wp\/v2\/comments?post=93"}],"version-history":[{"count":7,"href":"https:\/\/drustvo-svjakob.si\/index.php\/wp-json\/wp\/v2\/pages\/93\/revisions"}],"predecessor-version":[{"id":367,"href":"https:\/\/drustvo-svjakob.si\/index.php\/wp-json\/wp\/v2\/pages\/93\/revisions\/367"}],"wp:attachment":[{"href":"https:\/\/drustvo-svjakob.si\/index.php\/wp-json\/wp\/v2\/media?parent=93"}],"curies":[{"name":"wp","href":"https:\/\/api.w.org\/{rel}","templated":true}]}}