{"id":7,"date":"2026-01-14T11:34:37","date_gmt":"2026-01-14T11:34:37","guid":{"rendered":"https:\/\/drustvo-svjakob.si\/?page_id=7"},"modified":"2026-01-17T15:36:32","modified_gmt":"2026-01-17T15:36:32","slug":"home","status":"publish","type":"page","link":"https:\/\/drustvo-svjakob.si\/","title":{"rendered":"Home"},"content":{"rendered":"\n<div class=\"wp-block-group alignfull cm-starter-main has-global-padding is-layout-constrained wp-block-group-is-layout-constrained\">\n<div class=\"wp-block-group alignwide cm-hero-section is-layout-flow wp-block-group-is-layout-flow\" style=\"margin-bottom:40px;padding-top:0px;padding-right:0px;padding-bottom:0px;padding-left:0px\"><\/div>\n<\/div>\n\n\n\n<div class=\"wp-block-group alignfull has-background is-layout-flow wp-block-group-is-layout-flow\" style=\"background-color:#f5eac1;padding-top:6vw;padding-right:6vw;padding-bottom:6vw;padding-left:6vw\">\n<p class=\"has-cm-color-6-color has-text-color has-link-color wp-elements-32d3743be7d238b7fbdbec517ff6fc0f\" style=\"font-size:clamp(26.465px, 1.654rem + ((1vw - 3.2px) * 2.106), 45px);\"><strong>O NAS<\/strong><\/p>\n\n\n\n<div class=\"wp-block-group alignwide is-vertical is-nowrap is-layout-flex wp-container-core-group-is-layout-7946b6b8 wp-block-group-is-layout-flex\" style=\"padding-top:0;padding-right:0;padding-bottom:0;padding-left:0\">\n<div class=\"wp-block-columns alignwide is-layout-flex wp-container-core-columns-is-layout-21b20327 wp-block-columns-is-layout-flex\">\n<div class=\"wp-block-column is-layout-flow wp-block-column-is-layout-flow\" style=\"flex-basis:33.38%\">\n<p class=\"has-text-color\" style=\"color:#000000;font-size:clamp(14px, 0.875rem + ((1vw - 3.2px) * 0.341), 17px);\">Dru\u0161tvo sv. Jakoba Kamnik je bilo ustanovljeno 17. aprila 2007 v Kamniku na pobudo tedanjega vodja Fran\u010di\u0161kanskega samostana p. Borisa Marke\u017ea z namenom povezovanja ljudi v duhovnem in kulturnem pogledu, s posebnim poudarkom na kr\u0161\u010danskem izro\u010dilu in tradiciji. Po njegovem odhodu v Maribor je bil mentor dru\u0161tva p. Lovrenc An\u017eel. Zdaj pa z dru\u0161tvom sodeluje p. mag. Ciril Bo\u017ei\u010d.<\/p>\n\n\n\n<p class=\"has-text-color\" style=\"color:#000000;font-size:clamp(14px, 0.875rem + ((1vw - 3.2px) * 0.341), 17px);\"><\/p>\n\n\n\n<figure class=\"wp-block-image size-full\"><img loading=\"lazy\" decoding=\"async\" width=\"606\" height=\"802\" src=\"https:\/\/drustvo-svjakob.si\/wp-content\/uploads\/2026\/01\/Posnetek-zaslona-2026-01-17-162906.png\" alt=\"\" class=\"wp-image-68\" style=\"aspect-ratio:0.7556132381570408\"\/><\/figure>\n<\/div>\n\n\n\n<div class=\"wp-block-column is-layout-flow wp-block-column-is-layout-flow\" style=\"flex-basis:33.62%\">\n<figure class=\"wp-block-image size-full\"><img loading=\"lazy\" decoding=\"async\" width=\"1024\" height=\"768\" src=\"https:\/\/drustvo-svjakob.si\/wp-content\/uploads\/2026\/01\/26_Skupinski-posnetek-vseh-r-omarjev-Drustva-sv.-Jakob-1-1024x768-1.jpg\" alt=\"\" class=\"wp-image-54\" style=\"aspect-ratio:1.333352282417145\" srcset=\"https:\/\/drustvo-svjakob.si\/wp-content\/uploads\/2026\/01\/26_Skupinski-posnetek-vseh-r-omarjev-Drustva-sv.-Jakob-1-1024x768-1.jpg 1024w, https:\/\/drustvo-svjakob.si\/wp-content\/uploads\/2026\/01\/26_Skupinski-posnetek-vseh-r-omarjev-Drustva-sv.-Jakob-1-1024x768-1-300x225.jpg 300w, https:\/\/drustvo-svjakob.si\/wp-content\/uploads\/2026\/01\/26_Skupinski-posnetek-vseh-r-omarjev-Drustva-sv.-Jakob-1-1024x768-1-768x576.jpg 768w\" sizes=\"auto, (max-width: 1024px) 100vw, 1024px\" \/><\/figure>\n\n\n\n<p class=\"has-text-color\" style=\"color:#000000;font-size:clamp(14px, 0.875rem + ((1vw - 3.2px) * 0.341), 17px);\">Dru\u0161tvo je tesno povezano s Fran\u010di\u0161kanskim samostanom sv. Jakoba v Kamniku, kjer v dvorani ali na vrtu potekajo predavanja, pogovori, predstavitve knjig, projekcije filmov, koncerti, ki pritegnejo \u0161tevilne poslu\u0161alce iz lokalnega in \u0161ir\u0161ega okolja. Redno sodeluje tudi s Knji\u017enico Franceta Balanti\u010da Kamnik pri predstavitvah knjig in drugih literarnih dogodkih. Pomemben del programa predstavljajo ve\u010deri pripovedovanja zgodb, glasbeni ve\u010deri ter dogodki, ki spodbujajo medgeneracijsko povezovanje in ohranjanje lokalne dedi\u0161\u010dine, zgodb ter tradicije.<\/p>\n\n\n\n<p class=\"has-text-color\" style=\"color:#000000;font-size:clamp(14px, 0.875rem + ((1vw - 3.2px) * 0.341), 17px);\">Prireditve pripravijo in vodijo \u010dlani dru\u0161tva, ki povabijo v goste poznavalce dolo\u010denih podro\u010dij, avtorje knjig ali filmov, navadno navezanih na na\u0161o ob\u010dino ali splo\u0161no tematiko, ki zanima ljudi.<\/p>\n<\/div>\n<\/div>\n\n\n\n<div class=\"wp-block-columns alignwide is-layout-flex wp-container-core-columns-is-layout-c24efe4f wp-block-columns-is-layout-flex\">\n<div class=\"wp-block-column is-layout-flow wp-block-column-is-layout-flow\" style=\"flex-basis:69%\">\n<p class=\"has-text-color\" style=\"color:#000000;font-size:clamp(14px, 0.875rem + ((1vw - 3.2px) * 0.341), 17px);\">S svojimi dejavnostmi Dru\u0161tvo sv. Jakoba Kamnik pomembno prispeva k bogatitvi kulturnega \u017eivljenja v Kamniku. Predavanja, predstavitve knjig, romanja in druga sre\u010danja ustvarjajo prostor za dru\u017eenje, izmenjavo znanja in izku\u0161enj, razmislek o preteklosti ter krepitev pripadnosti lokalni skupnosti.<\/p>\n<\/div>\n\n\n\n<div class=\"wp-block-column is-vertically-aligned-center is-layout-flow wp-block-column-is-layout-flow\" style=\"flex-basis:33%\">\n<div style=\"height:2vw\" aria-hidden=\"true\" class=\"wp-block-spacer\"><\/div>\n\n\n\n<p class=\"has-cm-color-6-color has-text-color\" style=\"font-size:clamp(14px, 0.875rem + ((1vw - 3.2px) * 0.341), 17px);\"><br><\/p>\n<\/div>\n<\/div>\n<\/div>\n<\/div>\n\n\n\n<p><\/p>\n","protected":false},"excerpt":{"rendered":"<p>O NAS Dru\u0161tvo sv. Jakoba Kamnik je bilo ustanovljeno 17. aprila 2007 v Kamniku na pobudo tedanjega vodja Fran\u010di\u0161kanskega samostana p. Borisa Marke\u017ea z namenom povezovanja ljudi v duhovnem in kulturnem pogledu, s posebnim poudarkom na kr\u0161\u010danskem izro\u010dilu in tradiciji. Po njegovem odhodu v Maribor je bil mentor dru\u0161tva p. Lovrenc An\u017eel. Zdaj pa z [&hellip;]<\/p>\n","protected":false},"author":1,"featured_media":0,"parent":0,"menu_order":0,"comment_status":"closed","ping_status":"closed","template":"","meta":{"footnotes":""},"class_list":["post-7","page","type-page","status-publish","hentry"],"jetpack_sharing_enabled":true,"_links":{"self":[{"href":"https:\/\/drustvo-svjakob.si\/index.php\/wp-json\/wp\/v2\/pages\/7","targetHints":{"allow":["GET"]}}],"collection":[{"href":"https:\/\/drustvo-svjakob.si\/index.php\/wp-json\/wp\/v2\/pages"}],"about":[{"href":"https:\/\/drustvo-svjakob.si\/index.php\/wp-json\/wp\/v2\/types\/page"}],"author":[{"embeddable":true,"href":"https:\/\/drustvo-svjakob.si\/index.php\/wp-json\/wp\/v2\/users\/1"}],"replies":[{"embeddable":true,"href":"https:\/\/drustvo-svjakob.si\/index.php\/wp-json\/wp\/v2\/comments?post=7"}],"version-history":[{"count":11,"href":"https:\/\/drustvo-svjakob.si\/index.php\/wp-json\/wp\/v2\/pages\/7\/revisions"}],"predecessor-version":[{"id":73,"href":"https:\/\/drustvo-svjakob.si\/index.php\/wp-json\/wp\/v2\/pages\/7\/revisions\/73"}],"wp:attachment":[{"href":"https:\/\/drustvo-svjakob.si\/index.php\/wp-json\/wp\/v2\/media?parent=7"}],"curies":[{"name":"wp","href":"https:\/\/api.w.org\/{rel}","templated":true}]}}