{"id":369,"date":"2026-03-08T14:47:01","date_gmt":"2026-03-08T14:47:01","guid":{"rendered":"https:\/\/drustvo-svjakob.si\/?page_id=369"},"modified":"2026-03-08T15:25:18","modified_gmt":"2026-03-08T15:25:18","slug":"povezave","status":"publish","type":"page","link":"https:\/\/drustvo-svjakob.si\/index.php\/povezave\/","title":{"rendered":"Povezave"},"content":{"rendered":"\n<p class=\"has-base-color has-text-color has-link-color wp-elements-be1c3874edd089e25502eae426bee086\">Povezave do partnerskih in drugih sorodnih organizacij in dru\u0161tev<\/p>\n\n\n\n<div class=\"wp-block-group alignfull has-global-padding is-layout-constrained wp-container-core-group-is-layout-72f47186 wp-block-group-is-layout-constrained\" style=\"margin-top:0;margin-bottom:0;padding-top:var(--wp--preset--spacing--superbspacing-medium);padding-right:var(--wp--preset--spacing--superbspacing-small);padding-bottom:var(--wp--preset--spacing--superbspacing-medium);padding-left:var(--wp--preset--spacing--superbspacing-small)\">\n<div class=\"wp-block-columns is-layout-flex wp-container-core-columns-is-layout-28f84493 wp-block-columns-is-layout-flex\">\n<div class=\"wp-block-column has-border-color has-mono-3-border-color has-base-background-color has-background is-layout-flow wp-block-column-is-layout-flow\" style=\"border-width:1px;padding-top:var(--wp--preset--spacing--superbspacing-xsmall);padding-right:var(--wp--preset--spacing--superbspacing-xsmall);padding-bottom:var(--wp--preset--spacing--superbspacing-xsmall);padding-left:var(--wp--preset--spacing--superbspacing-xsmall)\">\n<figure class=\"wp-block-image aligncenter size-full is-resized\"><img loading=\"lazy\" decoding=\"async\" width=\"595\" height=\"646\" src=\"https:\/\/drustvo-svjakob.si\/wp-content\/uploads\/2026\/03\/Franciskani-logo.png\" alt=\"\" class=\"wp-image-370\" style=\"aspect-ratio:0.9210770659238626;width:309px;height:auto\"\/><\/figure>\n\n\n\n<h3 class=\"wp-block-heading has-superbfont-medium-font-size\" style=\"margin-top:0;margin-bottom:0\"><strong>Fran\u010di\u0161kanski samostan Kamnik<\/strong><\/h3>\n\n\n\n<p class=\"has-luminous-vivid-amber-color has-text-color has-superbfont-xsmall-font-size\" style=\"margin-top:var(--wp--preset--spacing--superbspacing-xxsmall);margin-bottom:0\">Fran\u010di\u0161kanski trg 2, SI \u2013 1241 Kamnik, Slovenija<br>Telefon: 064 179 910                                           E-po\u0161ta:&nbsp;franciskani.kamnik[at]t-2.si www.franciskani-kamnik.si<\/p>\n\n\n\n<div class=\"wp-block-buttons is-layout-flex wp-block-buttons-is-layout-flex\">\n<div class=\"wp-block-button is-style-outline is-style-outline--1\"><a class=\"wp-block-button__link has-base-color has-text-color has-background has-link-color has-superbfont-xsmall-font-size has-custom-font-size wp-element-button\" href=\"http:\/\/www.franciskani-kamnik.si\" style=\"background-color:#d20909\" target=\"_blank\" rel=\"noreferrer noopener\">Pojdi na spletno stran<\/a><\/div>\n<\/div>\n<\/div>\n\n\n\n<div class=\"wp-block-column has-border-color has-mono-3-border-color has-base-background-color has-background is-layout-flow wp-block-column-is-layout-flow\" style=\"border-width:1px;padding-top:var(--wp--preset--spacing--superbspacing-xsmall);padding-right:var(--wp--preset--spacing--superbspacing-xsmall);padding-bottom:var(--wp--preset--spacing--superbspacing-xsmall);padding-left:var(--wp--preset--spacing--superbspacing-xsmall)\">\n<figure class=\"wp-block-image aligncenter size-full is-resized\"><img loading=\"lazy\" decoding=\"async\" width=\"291\" height=\"405\" src=\"https:\/\/drustvo-svjakob.si\/wp-content\/uploads\/2026\/03\/demos_zbornik.jpg\" alt=\"\" class=\"wp-image-373\" style=\"aspect-ratio:0.7185454545454546;width:241px;height:auto\"\/><\/figure>\n\n\n\n<h3 class=\"wp-block-heading has-superbfont-medium-font-size\" style=\"margin-top:0;margin-bottom:0\"><strong>Dru\u0161tvo Demos na Kamni\u0161kem<\/strong><\/h3>\n\n\n\n<p class=\"has-luminous-vivid-amber-color has-text-color has-superbfont-xsmall-font-size\" style=\"margin-top:var(--wp--preset--spacing--superbspacing-xxsmall);margin-bottom:0\">Maistrova 18, SI \u2013 1241 Kamnik, Slovenija<br>Telefon: 064 179 910                                        E-po\u0161ta:&nbsp;demos[at]nakamniskem.si www.demos.nakamniskem.si<\/p>\n\n\n\n<div class=\"wp-block-buttons is-layout-flex wp-block-buttons-is-layout-flex\">\n<div class=\"wp-block-button is-style-outline is-style-outline--2\"><a class=\"wp-block-button__link has-base-color has-text-color has-background has-link-color has-superbfont-xsmall-font-size has-custom-font-size wp-element-button\" href=\"http:\/\/www.demos.nakamniskem.si\" style=\"background-color:#d20909\" target=\"_blank\" rel=\"noreferrer noopener\">Pojdi na spletno stran<\/a><\/div>\n<\/div>\n<\/div>\n\n\n\n<div class=\"wp-block-column has-border-color has-mono-3-border-color has-base-background-color has-background is-layout-flow wp-block-column-is-layout-flow\" style=\"border-width:1px;padding-top:var(--wp--preset--spacing--superbspacing-xsmall);padding-right:var(--wp--preset--spacing--superbspacing-xsmall);padding-bottom:var(--wp--preset--spacing--superbspacing-xsmall);padding-left:var(--wp--preset--spacing--superbspacing-xsmall)\">\n<p><\/p>\n\n\n\n<p><\/p>\n\n\n\n<figure class=\"wp-block-image aligncenter size-full is-resized\"><img loading=\"lazy\" decoding=\"async\" width=\"267\" height=\"67\" src=\"https:\/\/drustvo-svjakob.si\/wp-content\/uploads\/2026\/03\/logo.jpg\" alt=\"\" class=\"wp-image-374\" style=\"aspect-ratio:3.985593053088613;width:291px;height:auto\"\/><\/figure>\n\n\n\n<p><\/p>\n\n\n\n<p><\/p>\n\n\n\n<p><\/p>\n\n\n\n<h3 class=\"wp-block-heading has-superbfont-medium-font-size\" style=\"margin-top:0;margin-bottom:0\"><strong>Dru\u0161tvo general Maister Kamnik<\/strong><\/h3>\n\n\n\n<p class=\"has-luminous-vivid-amber-color has-text-color has-superbfont-xsmall-font-size\" style=\"margin-top:var(--wp--preset--spacing--superbspacing-xxsmall);margin-bottom:0\">Glavni trg 24, SI \u2013 1241 Kamnik, Slovenija<br>Telefon: 040 838 339                                       E-po\u0161ta:&nbsp;joze.berlec[at]kks-kamnik.si www.zvezadgm.si<\/p>\n\n\n\n<div class=\"wp-block-buttons is-layout-flex wp-block-buttons-is-layout-flex\">\n<div class=\"wp-block-button is-style-outline is-style-outline--3\"><a class=\"wp-block-button__link has-base-color has-text-color has-background has-link-color has-superbfont-xsmall-font-size has-custom-font-size wp-element-button\" href=\"https:\/\/www.zvezadgm.si\/drustva\/drustvo-general-maister-kamnik\/\" style=\"background-color:#d20909\" target=\"_blank\" rel=\"noreferrer noopener\">Pojdi na spletno stran<\/a><\/div>\n<\/div>\n<\/div>\n<\/div>\n<\/div>\n\n\n\n<div class=\"wp-block-group alignfull has-global-padding is-layout-constrained wp-container-core-group-is-layout-72f47186 wp-block-group-is-layout-constrained\" style=\"margin-top:0;margin-bottom:0;padding-top:var(--wp--preset--spacing--superbspacing-medium);padding-right:var(--wp--preset--spacing--superbspacing-small);padding-bottom:var(--wp--preset--spacing--superbspacing-medium);padding-left:var(--wp--preset--spacing--superbspacing-small)\">\n<div class=\"wp-block-columns is-layout-flex wp-container-core-columns-is-layout-28f84493 wp-block-columns-is-layout-flex\">\n<div class=\"wp-block-column has-border-color has-mono-3-border-color has-base-background-color has-background is-layout-flow wp-block-column-is-layout-flow\" style=\"border-width:1px;padding-top:var(--wp--preset--spacing--superbspacing-xsmall);padding-right:var(--wp--preset--spacing--superbspacing-xsmall);padding-bottom:var(--wp--preset--spacing--superbspacing-xsmall);padding-left:var(--wp--preset--spacing--superbspacing-xsmall)\">\n<p><\/p>\n\n\n\n<p><\/p>\n\n\n\n<figure class=\"wp-block-image aligncenter size-full is-resized\"><img loading=\"lazy\" decoding=\"async\" width=\"1892\" height=\"837\" src=\"https:\/\/drustvo-svjakob.si\/wp-content\/uploads\/2026\/03\/logo-2020.png\" alt=\"\" class=\"wp-image-376\" style=\"aspect-ratio:2.260465636892769;width:294px;height:auto\" srcset=\"https:\/\/drustvo-svjakob.si\/wp-content\/uploads\/2026\/03\/logo-2020.png 1892w, https:\/\/drustvo-svjakob.si\/wp-content\/uploads\/2026\/03\/logo-2020-768x340.png 768w, https:\/\/drustvo-svjakob.si\/wp-content\/uploads\/2026\/03\/logo-2020-1536x680.png 1536w\" sizes=\"auto, (max-width: 1892px) 100vw, 1892px\" \/><\/figure>\n\n\n\n<p><\/p>\n\n\n\n<p><\/p>\n\n\n\n<h3 class=\"wp-block-heading has-superbfont-medium-font-size\" style=\"margin-top:0;margin-bottom:0\"><strong>Knji\u017enica Franceta Balanti\u010da Kamnik<\/strong><\/h3>\n\n\n\n<p class=\"has-luminous-vivid-amber-color has-text-color has-superbfont-xsmall-font-size\" style=\"margin-top:var(--wp--preset--spacing--superbspacing-xxsmall);margin-bottom:0\">Ljubljanska cesta 1, SI \u2013 1241 Kamnik, Slovenija<br>Telefon: 01 831 12 17                                       E-po\u0161ta:&nbsp;mkk[at]kam.sik.si                www.kam.sik.si<\/p>\n\n\n\n<div class=\"wp-block-buttons is-layout-flex wp-block-buttons-is-layout-flex\">\n<div class=\"wp-block-button is-style-outline is-style-outline--4\"><a class=\"wp-block-button__link has-base-color has-text-color has-background has-link-color has-superbfont-xsmall-font-size has-custom-font-size wp-element-button\" href=\"http:\/\/www.kam.sik.si\" style=\"background-color:#d20909\" target=\"_blank\" rel=\"noreferrer noopener\">Pojdi na spletno stran<\/a><\/div>\n<\/div>\n<\/div>\n\n\n\n<div class=\"wp-block-column has-border-color has-mono-3-border-color has-base-background-color has-background is-layout-flow wp-block-column-is-layout-flow\" style=\"border-width:1px;padding-top:var(--wp--preset--spacing--superbspacing-xsmall);padding-right:var(--wp--preset--spacing--superbspacing-xsmall);padding-bottom:var(--wp--preset--spacing--superbspacing-xsmall);padding-left:var(--wp--preset--spacing--superbspacing-xsmall)\">\n<figure class=\"wp-block-image aligncenter size-full is-resized\"><img loading=\"lazy\" decoding=\"async\" width=\"327\" height=\"400\" src=\"https:\/\/drustvo-svjakob.si\/wp-content\/uploads\/2026\/03\/kamnik@2x.png\" alt=\"\" class=\"wp-image-377\" style=\"aspect-ratio:0.8174789507772021;width:276px;height:auto\"\/><\/figure>\n\n\n\n<h3 class=\"wp-block-heading has-superbfont-medium-font-size\" style=\"margin-top:0;margin-bottom:0\"><strong>Ob\u010dina Kamnik<\/strong><\/h3>\n\n\n\n<p class=\"has-luminous-vivid-amber-color has-text-color has-superbfont-xsmall-font-size\" style=\"margin-top:var(--wp--preset--spacing--superbspacing-xxsmall);margin-bottom:0\">Glavni trg 24, SI \u2013 1241 Kamnik, Slovenija<br>Telefon: 01 831 81 00                                       E-po\u0161ta:&nbsp;obcina[at]kamnik.si    www.kamnik.si<\/p>\n\n\n\n<div class=\"wp-block-buttons is-layout-flex wp-block-buttons-is-layout-flex\">\n<div class=\"wp-block-button is-style-outline is-style-outline--5\"><a class=\"wp-block-button__link has-base-color has-text-color has-background has-link-color has-superbfont-xsmall-font-size has-custom-font-size wp-element-button\" href=\"http:\/\/www.kamnik.si\" style=\"background-color:#d20909\" target=\"_blank\" rel=\"noreferrer noopener\">Pojdi na spletno stran<\/a><\/div>\n<\/div>\n<\/div>\n\n\n\n<div class=\"wp-block-column has-border-color has-mono-3-border-color has-base-background-color has-background is-layout-flow wp-block-column-is-layout-flow\" style=\"border-width:1px;padding-top:var(--wp--preset--spacing--superbspacing-xsmall);padding-right:var(--wp--preset--spacing--superbspacing-xsmall);padding-bottom:var(--wp--preset--spacing--superbspacing-xsmall);padding-left:var(--wp--preset--spacing--superbspacing-xsmall)\">\n<p><\/p>\n\n\n\n<p><\/p>\n\n\n\n<p><\/p>\n\n\n\n<p><\/p>\n\n\n\n<p><\/p>\n\n\n\n<h3 class=\"wp-block-heading has-superbfont-medium-font-size\" style=\"margin-top:0;margin-bottom:0\"><\/h3>\n<\/div>\n<\/div>\n<\/div>\n\n\n\n<p><\/p>\n","protected":false},"excerpt":{"rendered":"<p>Povezave do partnerskih in drugih sorodnih organizacij in dru\u0161tev Fran\u010di\u0161kanski samostan Kamnik Fran\u010di\u0161kanski trg 2, SI \u2013 1241 Kamnik, SlovenijaTelefon: 064 179 910 E-po\u0161ta:&nbsp;franciskani.kamnik[at]t-2.si www.franciskani-kamnik.si Dru\u0161tvo Demos na Kamni\u0161kem Maistrova 18, SI \u2013 1241 Kamnik, SlovenijaTelefon: 064 179 910 E-po\u0161ta:&nbsp;demos[at]nakamniskem.si www.demos.nakamniskem.si Dru\u0161tvo general Maister Kamnik Glavni trg 24, SI \u2013 1241 Kamnik, SlovenijaTelefon: 040 838 [&hellip;]<\/p>\n","protected":false},"author":1,"featured_media":0,"parent":0,"menu_order":0,"comment_status":"closed","ping_status":"closed","template":"","meta":{"footnotes":""},"class_list":["post-369","page","type-page","status-publish","hentry"],"jetpack_sharing_enabled":true,"_links":{"self":[{"href":"https:\/\/drustvo-svjakob.si\/index.php\/wp-json\/wp\/v2\/pages\/369","targetHints":{"allow":["GET"]}}],"collection":[{"href":"https:\/\/drustvo-svjakob.si\/index.php\/wp-json\/wp\/v2\/pages"}],"about":[{"href":"https:\/\/drustvo-svjakob.si\/index.php\/wp-json\/wp\/v2\/types\/page"}],"author":[{"embeddable":true,"href":"https:\/\/drustvo-svjakob.si\/index.php\/wp-json\/wp\/v2\/users\/1"}],"replies":[{"embeddable":true,"href":"https:\/\/drustvo-svjakob.si\/index.php\/wp-json\/wp\/v2\/comments?post=369"}],"version-history":[{"count":4,"href":"https:\/\/drustvo-svjakob.si\/index.php\/wp-json\/wp\/v2\/pages\/369\/revisions"}],"predecessor-version":[{"id":380,"href":"https:\/\/drustvo-svjakob.si\/index.php\/wp-json\/wp\/v2\/pages\/369\/revisions\/380"}],"wp:attachment":[{"href":"https:\/\/drustvo-svjakob.si\/index.php\/wp-json\/wp\/v2\/media?parent=369"}],"curies":[{"name":"wp","href":"https:\/\/api.w.org\/{rel}","templated":true}]}}