{"id":342,"date":"2026-03-07T23:10:15","date_gmt":"2026-03-07T23:10:15","guid":{"rendered":"https:\/\/drustvo-svjakob.si\/?page_id=342"},"modified":"2026-04-15T12:26:11","modified_gmt":"2026-04-15T12:26:11","slug":"napovedujemo","status":"publish","type":"page","link":"https:\/\/drustvo-svjakob.si\/index.php\/napovedujemo\/","title":{"rendered":"Napovedujemo"},"content":{"rendered":"\n<div class=\"wp-block-group alignfull has-mono-4-background-color has-background has-global-padding is-layout-constrained wp-container-core-group-is-layout-129f6e7c wp-block-group-is-layout-constrained\" style=\"margin-top:0;margin-bottom:0;padding-top:var(--wp--preset--spacing--superbspacing-large);padding-right:var(--wp--preset--spacing--superbspacing-small);padding-bottom:var(--wp--preset--spacing--superbspacing-large);padding-left:var(--wp--preset--spacing--superbspacing-small)\">\n<div class=\"wp-block-columns alignwide is-layout-flex wp-container-core-columns-is-layout-25593187 wp-block-columns-is-layout-flex\">\n<div class=\"wp-block-column is-vertically-aligned-center is-layout-flow wp-container-core-column-is-layout-a1628350 wp-block-column-is-layout-flow\" style=\"padding-top:0;padding-right:0;padding-bottom:0;padding-left:0\">\n<div class=\"wp-block-group is-layout-flow wp-container-core-group-is-layout-ff697075 wp-block-group-is-layout-flow\">\n<h3 class=\"wp-block-heading has-text-align-left has-superbfont-xlarge-font-size\" style=\"line-height:1.2\">Prihajajo\u010di dogodki<\/h3>\n\n\n\n<p class=\"has-text-align-left has-mono-2-color has-text-color has-superbfont-small-font-size\"><\/p>\n\n\n\n<p class=\"has-text-align-left has-mono-1-color has-text-color has-superbfont-small-font-size\"><strong>\u010cetrtek, 16. april 2026, ob 19.45<br>v dvorani Fran\u010di\u0161kanskega samostana v Kamniku.                         Predavanje SLIKAR MAKSIM GASPARI \u2013 IZ NARODA ZA NAROD<\/strong><\/p>\n\n\n\n<p class=\"has-mono-2-color has-text-color has-link-color wp-elements-cefb73b9c5ac9321f6bfe6828f2fa266\">Predavanje bo prikazalo \u017eivljenje in delo Maksima Gasparija, slikarja domoljubnih motivov in avtorja sto let starih jaslic. <strong><a href=\"https:\/\/drustvo-svjakob.si\/index.php\/2026\/04\/15\/vabilo-na-predavanje-slikar-maksim-gaspari-iz-naroda-za-narod\/\">PREBERI VE\u010c<\/a><\/strong><\/p>\n\n\n\n<p class=\"has-mono-1-color has-text-color has-link-color has-superbfont-small-font-size wp-elements-f3c986470f7a95ed6aad9a71353e5c89\"><strong>Sobota, 23. maja 2026                                                                        ROMANJE NA DOLENJSKO: NARAVA \u2013 KULTURA \u2013 VERA<\/strong><\/p>\n\n\n\n<p class=\"has-mono-2-color has-text-color has-link-color wp-elements-9a3d8bc133715501206bb932e901dfad\">Hrib\u010dki, vinogradi, reka Krka in Gorjanci, Galerija Bo\u017eidarja Jakca, Kostanjevica na Krki, Kartuzija Pleterje, Stopi\u010de pri Novem mestu, Restavracija Prepih, Gornja Te\u017eka voda.                                           <\/p>\n\n\n\n<p class=\"has-mono-2-color has-text-color has-link-color wp-elements-ca0a825e9ef310c2ade44cf49b669427\">Prijave sprejema: dr. Marjeta Humar<br>Mobitel: 031 564 705, e-po\u0161ta: marjeta.humar@guest.arnes.si                                         <strong><a href=\"https:\/\/drustvo-svjakob.si\/index.php\/2026\/04\/15\/vabilo-romanje-na-dolenjsko-narava-kultura-vera-sobota-23-maja-2026\/\">PREBERI VE\u010c<\/a><\/strong><\/p>\n\n\n\n<p class=\"has-mono-2-color has-text-color has-link-color wp-elements-15f3e95adc23ee5dccc6732dd2e24750\"><\/p>\n\n\n\n<p class=\"has-mono-2-color has-text-color has-link-color wp-elements-15f3e95adc23ee5dccc6732dd2e24750\"><\/p>\n\n\n\n<p class=\"has-mono-1-color has-text-color has-link-color wp-elements-32708d25369911465b418114f4007fbd\"><\/p>\n<\/div>\n\n\n\n<div class=\"wp-block-buttons is-layout-flex wp-container-core-buttons-is-layout-69f3c5ca wp-block-buttons-is-layout-flex\">\n<div class=\"wp-block-button\"><a class=\"wp-block-button__link has-superbfont-small-font-size has-custom-font-size wp-element-button\" href=\"https:\/\/drustvo-svjakob.si\/index.php\/koledar-dogodkov\/\" style=\"padding-top:var(--wp--preset--spacing--superbspacing-xsmall);padding-right:var(--wp--preset--spacing--superbspacing-xsmall);padding-bottom:var(--wp--preset--spacing--superbspacing-xsmall);padding-left:var(--wp--preset--spacing--superbspacing-xsmall)\">Koledar dogodkov\u2192<\/a><\/div>\n\n\n<\/div>\n<\/div>\n\n\n\n<div class=\"wp-block-column is-vertically-aligned-center is-layout-flow wp-container-core-column-is-layout-40a2a7e8 wp-block-column-is-layout-flow\" style=\"padding-right:0;padding-bottom:0;padding-left:0\">\n<figure class=\"wp-block-image size-full\"><img loading=\"lazy\" decoding=\"async\" width=\"2560\" height=\"1707\" src=\"https:\/\/drustvo-svjakob.si\/wp-content\/uploads\/2026\/01\/Kopija-dokumenta-DSC_1429-1-scaled.jpg\" alt=\"\" class=\"wp-image-246\" srcset=\"https:\/\/drustvo-svjakob.si\/wp-content\/uploads\/2026\/01\/Kopija-dokumenta-DSC_1429-1-scaled.jpg 2560w, https:\/\/drustvo-svjakob.si\/wp-content\/uploads\/2026\/01\/Kopija-dokumenta-DSC_1429-1-768x512.jpg 768w, https:\/\/drustvo-svjakob.si\/wp-content\/uploads\/2026\/01\/Kopija-dokumenta-DSC_1429-1-1536x1024.jpg 1536w, https:\/\/drustvo-svjakob.si\/wp-content\/uploads\/2026\/01\/Kopija-dokumenta-DSC_1429-1-2048x1366.jpg 2048w\" sizes=\"auto, (max-width: 2560px) 100vw, 2560px\" \/><\/figure>\n<\/div>\n<\/div>\n<\/div>\n\n\n\n<div class=\"wp-block-buttons is-layout-flex wp-container-core-buttons-is-layout-69f3c5ca wp-block-buttons-is-layout-flex\">\n<div class=\"wp-block-button\"><a class=\"wp-block-button__link has-superbfont-small-font-size has-custom-font-size wp-element-button\" href=\"https:\/\/drustvo-svjakob.si\/index.php\/koledar-dogodkov\/\" style=\"padding-top:var(--wp--preset--spacing--superbspacing-xsmall);padding-right:var(--wp--preset--spacing--superbspacing-xsmall);padding-bottom:var(--wp--preset--spacing--superbspacing-xsmall);padding-left:var(--wp--preset--spacing--superbspacing-xsmall)\">Koledar preteklih dogodkov\u2192<\/a><\/div>\n<\/div>\n\n\n\n<p><\/p>\n","protected":false},"excerpt":{"rendered":"<p>Prihajajo\u010di dogodki \u010cetrtek, 16. april 2026, ob 19.45v dvorani Fran\u010di\u0161kanskega samostana v Kamniku. Predavanje SLIKAR MAKSIM GASPARI \u2013 IZ NARODA ZA NAROD Predavanje bo prikazalo \u017eivljenje in delo Maksima Gasparija, slikarja domoljubnih motivov in avtorja sto let starih jaslic. PREBERI VE\u010c Sobota, 23. maja 2026 ROMANJE NA DOLENJSKO: NARAVA \u2013 KULTURA \u2013 VERA Hrib\u010dki, vinogradi, [&hellip;]<\/p>\n","protected":false},"author":1,"featured_media":0,"parent":0,"menu_order":0,"comment_status":"closed","ping_status":"closed","template":"","meta":{"footnotes":""},"class_list":["post-342","page","type-page","status-publish","hentry"],"jetpack_sharing_enabled":true,"_links":{"self":[{"href":"https:\/\/drustvo-svjakob.si\/index.php\/wp-json\/wp\/v2\/pages\/342","targetHints":{"allow":["GET"]}}],"collection":[{"href":"https:\/\/drustvo-svjakob.si\/index.php\/wp-json\/wp\/v2\/pages"}],"about":[{"href":"https:\/\/drustvo-svjakob.si\/index.php\/wp-json\/wp\/v2\/types\/page"}],"author":[{"embeddable":true,"href":"https:\/\/drustvo-svjakob.si\/index.php\/wp-json\/wp\/v2\/users\/1"}],"replies":[{"embeddable":true,"href":"https:\/\/drustvo-svjakob.si\/index.php\/wp-json\/wp\/v2\/comments?post=342"}],"version-history":[{"count":11,"href":"https:\/\/drustvo-svjakob.si\/index.php\/wp-json\/wp\/v2\/pages\/342\/revisions"}],"predecessor-version":[{"id":524,"href":"https:\/\/drustvo-svjakob.si\/index.php\/wp-json\/wp\/v2\/pages\/342\/revisions\/524"}],"wp:attachment":[{"href":"https:\/\/drustvo-svjakob.si\/index.php\/wp-json\/wp\/v2\/media?parent=342"}],"curies":[{"name":"wp","href":"https:\/\/api.w.org\/{rel}","templated":true}]}}