{"id":33,"date":"2026-01-14T11:59:00","date_gmt":"2026-01-14T11:59:00","guid":{"rendered":"https:\/\/drustvo-svjakob.si\/?page_id=33"},"modified":"2026-03-15T17:41:29","modified_gmt":"2026-03-15T17:41:29","slug":"o-drustvu","status":"publish","type":"page","link":"https:\/\/drustvo-svjakob.si\/index.php\/o-drustvu\/","title":{"rendered":"O dru\u0161tvu"},"content":{"rendered":"\n<div class=\"wp-block-cover alignfull is-light\" style=\"min-height:421px;aspect-ratio:unset;\"><span aria-hidden=\"true\" class=\"wp-block-cover__background has-background-dim-100 has-background-dim\" style=\"background-color:#ffffff\"><\/span><div class=\"wp-block-cover__inner-container is-layout-flow wp-block-cover-is-layout-flow\">\n<div class=\"wp-block-media-text alignwide is-stacked-on-mobile is-vertically-aligned-center is-image-fill-element\" style=\"grid-template-columns:47% auto\"><figure class=\"wp-block-media-text__media\"><img loading=\"lazy\" decoding=\"async\" width=\"2560\" height=\"1920\" src=\"https:\/\/drustvo-svjakob.si\/wp-content\/uploads\/2026\/01\/Cerkev_sv.-Jakob-Kamnik_IMG_3871-scaled.jpg\" alt=\"\" class=\"wp-image-313 size-full\" style=\"object-position:50% 50%\" srcset=\"https:\/\/drustvo-svjakob.si\/wp-content\/uploads\/2026\/01\/Cerkev_sv.-Jakob-Kamnik_IMG_3871-scaled.jpg 2560w, https:\/\/drustvo-svjakob.si\/wp-content\/uploads\/2026\/01\/Cerkev_sv.-Jakob-Kamnik_IMG_3871-768x576.jpg 768w, https:\/\/drustvo-svjakob.si\/wp-content\/uploads\/2026\/01\/Cerkev_sv.-Jakob-Kamnik_IMG_3871-1536x1152.jpg 1536w, https:\/\/drustvo-svjakob.si\/wp-content\/uploads\/2026\/01\/Cerkev_sv.-Jakob-Kamnik_IMG_3871-2048x1536.jpg 2048w\" sizes=\"auto, (max-width: 2560px) 100vw, 2560px\" \/><\/figure><div class=\"wp-block-media-text__content\">\n<h2 class=\"wp-block-heading has-text-color\" style=\"color:#000000;font-size:clamp(20px, 1.25rem + ((1vw - 3.2px) * 1.364), 32px);\"><strong>IZ ZGODOVINE<\/strong><\/h2>\n\n\n\n<p class=\"has-text-color\" style=\"color:#000000;font-size:clamp(14px, 0.875rem + ((1vw - 3.2px) * 0.341), 17px);\"><br>Dru\u0161tvo sv. Jakoba Kamnik je bilo ustanovljeno 17. aprila 2007 v Kamniku na pobudo tedanjega vodja Fran\u010di\u0161kanskega samostana p. Borisa Marke\u017ea z namenom povezovanja ljudi v duhovnem in kulturnem pogledu, s posebnim poudarkom na kr\u0161\u010danskem izro\u010dilu in tradiciji. Po njegovem odhodu v Maribor je bil mentor dru\u0161tva p. Lovrenc An\u017eel. Zdaj pa z dru\u0161tvom sodeluje p. mag. Ciril Bo\u017ei\u010d.<\/p>\n<\/div><\/div>\n<\/div><\/div>\n\n\n\n<div class=\"wp-block-cover alignfull is-light\" style=\"min-height:369px;aspect-ratio:unset;\"><span aria-hidden=\"true\" class=\"wp-block-cover__background has-background-dim-100 has-background-dim\" style=\"background-color:#ffffff\"><\/span><div class=\"wp-block-cover__inner-container is-layout-flow wp-block-cover-is-layout-flow\">\n<div class=\"wp-block-media-text alignwide has-media-on-the-right is-stacked-on-mobile is-vertically-aligned-center is-image-fill-element\" style=\"grid-template-columns:auto 47%\"><div class=\"wp-block-media-text__content\">\n<h2 class=\"wp-block-heading has-text-color\" style=\"color:#000000;font-size:clamp(20px, 1.25rem + ((1vw - 3.2px) * 1.364), 32px);\"><strong>DEJAVNOST<\/strong><\/h2>\n\n\n\n<p class=\"has-text-color\" style=\"color:#000000;font-size:clamp(14px, 0.875rem + ((1vw - 3.2px) * 0.341), 17px);\">Dru\u0161tvo je tesno povezano s Fran\u010di\u0161kanskim samostanom sv. Jakoba v Kamniku, kjer v dvorani ali na vrtu potekajo predavanja, pogovori, predstavitve knjig, projekcije filmov, koncerti, ki pritegnejo \u0161tevilne poslu\u0161alce iz lokalnega in \u0161ir\u0161ega okolja. Redno sodeluje tudi s Knji\u017enico Franceta Balanti\u010da Kamnik pri predstavitvah knjig in drugih literarnih dogodkih. Pomemben del programa predstavljajo ve\u010deri pripovedovanja zgodb, glasbeni ve\u010deri ter dogodki, ki spodbujajo medgeneracijsko povezovanje in ohranjanje lokalne dedi\u0161\u010dine, zgodb ter tradicije.<\/p>\n\n\n\n<p class=\"has-text-color\" style=\"color:#000000;font-size:clamp(14px, 0.875rem + ((1vw - 3.2px) * 0.341), 17px);\">Prireditve pripravijo in vodijo \u010dlani dru\u0161tva, ki povabijo v goste poznavalce dolo\u010denih podro\u010dij, avtorje knjig ali filmov, navadno navezanih na na\u0161o ob\u010dino ali splo\u0161no tematiko, ki zanima ljudi.<\/p>\n<\/div><figure class=\"wp-block-media-text__media\"><img loading=\"lazy\" decoding=\"async\" width=\"1518\" height=\"1007\" src=\"https:\/\/drustvo-svjakob.si\/wp-content\/uploads\/2026\/01\/Posnetek-zaslona-2026-01-17-164835.jpg\" alt=\"\" class=\"wp-image-76 size-full\" style=\"object-position:50% 50%\" srcset=\"https:\/\/drustvo-svjakob.si\/wp-content\/uploads\/2026\/01\/Posnetek-zaslona-2026-01-17-164835.jpg 1518w, https:\/\/drustvo-svjakob.si\/wp-content\/uploads\/2026\/01\/Posnetek-zaslona-2026-01-17-164835-768x509.jpg 768w\" sizes=\"auto, (max-width: 1518px) 100vw, 1518px\" \/><\/figure><\/div>\n<\/div><\/div>\n\n\n\n<div class=\"wp-block-cover alignfull is-light\" style=\"min-height:76px;aspect-ratio:unset;\"><span aria-hidden=\"true\" class=\"wp-block-cover__background has-background-dim-100 has-background-dim\" style=\"background-color:#ffffff\"><\/span><div class=\"wp-block-cover__inner-container is-layout-flow wp-block-cover-is-layout-flow\">\n<div class=\"wp-block-media-text alignwide is-stacked-on-mobile is-vertically-aligned-center is-image-fill-element\" style=\"grid-template-columns:47% auto\"><figure class=\"wp-block-media-text__media\"><img loading=\"lazy\" decoding=\"async\" width=\"1024\" height=\"768\" src=\"https:\/\/drustvo-svjakob.si\/wp-content\/uploads\/2026\/01\/26_Skupinski-posnetek-vseh-r-omarjev-Drustva-sv.-Jakob-1-1024x768-1.jpg\" alt=\"\" class=\"wp-image-54 size-full\" style=\"object-position:50% 50%\" srcset=\"https:\/\/drustvo-svjakob.si\/wp-content\/uploads\/2026\/01\/26_Skupinski-posnetek-vseh-r-omarjev-Drustva-sv.-Jakob-1-1024x768-1.jpg 1024w, https:\/\/drustvo-svjakob.si\/wp-content\/uploads\/2026\/01\/26_Skupinski-posnetek-vseh-r-omarjev-Drustva-sv.-Jakob-1-1024x768-1-300x225.jpg 300w, https:\/\/drustvo-svjakob.si\/wp-content\/uploads\/2026\/01\/26_Skupinski-posnetek-vseh-r-omarjev-Drustva-sv.-Jakob-1-1024x768-1-768x576.jpg 768w\" sizes=\"auto, (max-width: 1024px) 100vw, 1024px\" \/><\/figure><div class=\"wp-block-media-text__content\">\n<h2 class=\"wp-block-heading has-text-color\" style=\"color:#000000;font-size:clamp(20px, 1.25rem + ((1vw - 3.2px) * 1.364), 32px);\"><strong>ROMANJA IN EKSKURZIJE<\/strong><\/h2>\n\n\n\n<p class=\"has-text-color\" style=\"color:#000000;font-size:clamp(14px, 0.875rem + ((1vw - 3.2px) * 0.341), 17px);\"><br>Pomembna dejavnost dru\u0161tva so romanja in ekskurzije, namenjeni spoznavanju kulturne, zgodovinske in geografske dedi\u0161\u010dine domovine ter zamejstva. Ta sre\u010danja krepijo medsebojno dru\u017eenje \u010dlanov, poglabljajo duhovno in kulturno izku\u0161njo ter utrjujejo ob\u010dutek skupnosti. Programi so zasnovani tako, da zdru\u017eujejo versko in kulturno-izobra\u017eevalno razse\u017enost, saj udele\u017eenci spoznavajo zgodovino cerkva, umetnosti in lokalne dedi\u0161\u010dine. Romanja po Sloveniji in zamejstvu pogosto strokovno vodi umetnostni zgodovinar dr. Ferdinand \u0160erbelj.<\/p>\n<\/div><\/div>\n<\/div><\/div>\n\n\n\n<div class=\"wp-block-cover alignfull is-light\" style=\"min-height:279px;aspect-ratio:unset;\"><span aria-hidden=\"true\" class=\"wp-block-cover__background has-background-dim-100 has-background-dim\" style=\"background-color:#ffffff\"><\/span><div class=\"wp-block-cover__inner-container is-layout-flow wp-block-cover-is-layout-flow\">\n<div class=\"wp-block-media-text alignwide has-media-on-the-right is-stacked-on-mobile is-vertically-aligned-center is-image-fill-element\" style=\"grid-template-columns:auto 49%\"><div class=\"wp-block-media-text__content\">\n<h2 class=\"wp-block-heading has-text-color\" style=\"color:#000000;font-size:clamp(20px, 1.25rem + ((1vw - 3.2px) * 1.364), 32px);\"><strong>VLOGA V LOKALNI SKUPNOSTI<\/strong><\/h2>\n\n\n\n<p class=\"has-text-color\" style=\"color:#000000;font-size:clamp(14px, 0.875rem + ((1vw - 3.2px) * 0.341), 17px);\"><br>S svojimi dejavnostmi Dru\u0161tvo sv. Jakoba Kamnik pomembno prispeva k bogatitvi kulturnega \u017eivljenja v Kamniku. Predavanja, predstavitve knjig, romanja in druga sre\u010danja ustvarjajo prostor za dru\u017eenje, izmenjavo znanja in izku\u0161enj, razmislek o preteklosti ter krepitev pripadnosti lokalni skupnosti.<\/p>\n<\/div><figure class=\"wp-block-media-text__media\"><img loading=\"lazy\" decoding=\"async\" width=\"2560\" height=\"1920\" src=\"https:\/\/drustvo-svjakob.si\/wp-content\/uploads\/2026\/01\/DSJ_7-okt-2022_IMG_9358-1-scaled.jpg\" alt=\"\" class=\"wp-image-322 size-full\" style=\"object-position:50% 50%\" srcset=\"https:\/\/drustvo-svjakob.si\/wp-content\/uploads\/2026\/01\/DSJ_7-okt-2022_IMG_9358-1-scaled.jpg 2560w, https:\/\/drustvo-svjakob.si\/wp-content\/uploads\/2026\/01\/DSJ_7-okt-2022_IMG_9358-1-768x576.jpg 768w, https:\/\/drustvo-svjakob.si\/wp-content\/uploads\/2026\/01\/DSJ_7-okt-2022_IMG_9358-1-1536x1152.jpg 1536w, https:\/\/drustvo-svjakob.si\/wp-content\/uploads\/2026\/01\/DSJ_7-okt-2022_IMG_9358-1-2048x1536.jpg 2048w\" sizes=\"auto, (max-width: 2560px) 100vw, 2560px\" \/><\/figure><\/div>\n<\/div><\/div>\n\n\n\n<div class=\"wp-block-cover alignfull is-light\" style=\"min-height:192px;aspect-ratio:unset;\"><span aria-hidden=\"true\" class=\"wp-block-cover__background has-background-dim-100 has-background-dim\" style=\"background-color:#ffffff\"><\/span><div class=\"wp-block-cover__inner-container is-layout-flow wp-block-cover-is-layout-flow\">\n<div class=\"wp-block-media-text alignwide is-stacked-on-mobile is-vertically-aligned-center is-image-fill-element\" style=\"grid-template-columns:46% auto\"><figure class=\"wp-block-media-text__media\"><img loading=\"lazy\" decoding=\"async\" width=\"2560\" height=\"1920\" src=\"https:\/\/drustvo-svjakob.si\/wp-content\/uploads\/2026\/01\/Konceert-v-cerkvi_6-okt-2024_IMG_4460-scaled.jpg\" alt=\"\" class=\"wp-image-324 size-full\" style=\"object-position:50% 50%\" srcset=\"https:\/\/drustvo-svjakob.si\/wp-content\/uploads\/2026\/01\/Konceert-v-cerkvi_6-okt-2024_IMG_4460-scaled.jpg 2560w, https:\/\/drustvo-svjakob.si\/wp-content\/uploads\/2026\/01\/Konceert-v-cerkvi_6-okt-2024_IMG_4460-768x576.jpg 768w, https:\/\/drustvo-svjakob.si\/wp-content\/uploads\/2026\/01\/Konceert-v-cerkvi_6-okt-2024_IMG_4460-1536x1152.jpg 1536w, https:\/\/drustvo-svjakob.si\/wp-content\/uploads\/2026\/01\/Konceert-v-cerkvi_6-okt-2024_IMG_4460-2048x1536.jpg 2048w\" sizes=\"auto, (max-width: 2560px) 100vw, 2560px\" \/><\/figure><div class=\"wp-block-media-text__content\">\n<h2 class=\"wp-block-heading has-text-color\" style=\"color:#000000;font-size:clamp(20px, 1.25rem + ((1vw - 3.2px) * 1.364), 32px);\"><strong>POVEZOVANJE IN SODELOVANJE<\/strong><\/h2>\n\n\n\n<p class=\"has-text-color\" style=\"color:#000000;font-size:clamp(14px, 0.875rem + ((1vw - 3.2px) * 0.341), 17px);\"><br>Dru\u0161tvo aktivno sodeluje tudi z drugimi kamni\u0161kimi dru\u0161tvi, med drugim z Dru\u0161tvom general Maister Kamnik in Dru\u0161tvom Demos na Kamni\u0161kem, s \u010dimer dodatno utrjuje mre\u017eo kulturnega in dru\u017ebenega povezovanja.<\/p>\n<\/div><\/div>\n<\/div><\/div>\n\n\n\n<div class=\"wp-block-cover alignfull is-light\" style=\"min-height:192px;aspect-ratio:unset;\"><span aria-hidden=\"true\" class=\"wp-block-cover__background has-background-dim-100 has-background-dim\" style=\"background-color:#ffffff\"><\/span><div class=\"wp-block-cover__inner-container is-layout-flow wp-block-cover-is-layout-flow\">\n<div class=\"wp-block-media-text alignwide has-media-on-the-right is-stacked-on-mobile is-vertically-aligned-center is-image-fill-element\" style=\"grid-template-columns:auto 46%\"><div class=\"wp-block-media-text__content\">\n<h2 class=\"wp-block-heading has-text-color\" style=\"color:#000000;font-size:clamp(20px, 1.25rem + ((1vw - 3.2px) * 1.364), 32px);\"><strong>PODPRITE NA\u0160E DELOVANJE<\/strong><\/h2>\n\n\n\n<p class=\"has-text-color\" style=\"color:#000000;font-size:clamp(14px, 0.875rem + ((1vw - 3.2px) * 0.341), 17px);\"><br>Za delovanje dru\u0161tva lahko namenite do 1% dohodnine ali naka\u017eete donacijo na TRR SI56 0231 2025 6897 331,\u00a0veseli bomo vsake va\u0161e podpore.<\/p>\n<\/div><figure class=\"wp-block-media-text__media\"><img loading=\"lazy\" decoding=\"async\" width=\"1024\" height=\"362\" src=\"https:\/\/drustvo-svjakob.si\/wp-content\/uploads\/2026\/01\/cropped-8183_1662649932_tajerska_drutvosv.jakoba236-1024x362.jpg\" alt=\"\" class=\"wp-image-48 size-full\" style=\"object-position:50% 50%\" srcset=\"https:\/\/drustvo-svjakob.si\/wp-content\/uploads\/2026\/01\/cropped-8183_1662649932_tajerska_drutvosv.jakoba236-1024x362.jpg 1024w, https:\/\/drustvo-svjakob.si\/wp-content\/uploads\/2026\/01\/cropped-8183_1662649932_tajerska_drutvosv.jakoba236-300x106.jpg 300w, https:\/\/drustvo-svjakob.si\/wp-content\/uploads\/2026\/01\/cropped-8183_1662649932_tajerska_drutvosv.jakoba236-768x271.jpg 768w, https:\/\/drustvo-svjakob.si\/wp-content\/uploads\/2026\/01\/cropped-8183_1662649932_tajerska_drutvosv.jakoba236.jpg 1280w\" sizes=\"auto, (max-width: 1024px) 100vw, 1024px\" \/><\/figure><\/div>\n<\/div><\/div>\n","protected":false},"excerpt":{"rendered":"","protected":false},"author":1,"featured_media":0,"parent":0,"menu_order":0,"comment_status":"closed","ping_status":"closed","template":"","meta":{"footnotes":""},"class_list":["post-33","page","type-page","status-publish","hentry"],"jetpack_sharing_enabled":true,"_links":{"self":[{"href":"https:\/\/drustvo-svjakob.si\/index.php\/wp-json\/wp\/v2\/pages\/33","targetHints":{"allow":["GET"]}}],"collection":[{"href":"https:\/\/drustvo-svjakob.si\/index.php\/wp-json\/wp\/v2\/pages"}],"about":[{"href":"https:\/\/drustvo-svjakob.si\/index.php\/wp-json\/wp\/v2\/types\/page"}],"author":[{"embeddable":true,"href":"https:\/\/drustvo-svjakob.si\/index.php\/wp-json\/wp\/v2\/users\/1"}],"replies":[{"embeddable":true,"href":"https:\/\/drustvo-svjakob.si\/index.php\/wp-json\/wp\/v2\/comments?post=33"}],"version-history":[{"count":12,"href":"https:\/\/drustvo-svjakob.si\/index.php\/wp-json\/wp\/v2\/pages\/33\/revisions"}],"predecessor-version":[{"id":446,"href":"https:\/\/drustvo-svjakob.si\/index.php\/wp-json\/wp\/v2\/pages\/33\/revisions\/446"}],"wp:attachment":[{"href":"https:\/\/drustvo-svjakob.si\/index.php\/wp-json\/wp\/v2\/media?parent=33"}],"curies":[{"name":"wp","href":"https:\/\/api.w.org\/{rel}","templated":true}]}}