{"id":102,"date":"2026-01-19T18:48:35","date_gmt":"2026-01-19T18:48:35","guid":{"rendered":"https:\/\/drustvo-svjakob.si\/?page_id=102"},"modified":"2026-01-27T18:30:50","modified_gmt":"2026-01-27T18:30:50","slug":"postani-clan","status":"publish","type":"page","link":"https:\/\/drustvo-svjakob.si\/index.php\/postani-clan\/","title":{"rendered":"Postani \u010dlan"},"content":{"rendered":"\n<div class=\"wp-block-group alignfull has-base-background-color has-background has-global-padding is-layout-constrained wp-container-core-group-is-layout-8bbd0b3b wp-block-group-is-layout-constrained\" style=\"margin-top:0;margin-bottom:0;padding-top:var(--wp--preset--spacing--superbspacing-large);padding-right:var(--wp--preset--spacing--superbspacing-small);padding-bottom:var(--wp--preset--spacing--superbspacing-large);padding-left:var(--wp--preset--spacing--superbspacing-small)\">\n<div class=\"wp-block-columns alignwide is-layout-flex wp-container-core-columns-is-layout-25593187 wp-block-columns-is-layout-flex\">\n<div class=\"wp-block-column is-vertically-aligned-center is-layout-flow wp-container-core-column-is-layout-40a2a7e8 wp-block-column-is-layout-flow\" style=\"padding-right:0;padding-bottom:0;padding-left:0\">\n<figure class=\"wp-block-image size-full has-custom-border\"><img loading=\"lazy\" decoding=\"async\" width=\"1024\" height=\"768\" src=\"https:\/\/drustvo-svjakob.si\/wp-content\/uploads\/2026\/01\/26_Skupinski-posnetek-vseh-r-omarjev-Drustva-sv.-Jakob-1-1024x768-1.jpg\" alt=\"\" class=\"wp-image-54\" style=\"border-radius:8px\" srcset=\"https:\/\/drustvo-svjakob.si\/wp-content\/uploads\/2026\/01\/26_Skupinski-posnetek-vseh-r-omarjev-Drustva-sv.-Jakob-1-1024x768-1.jpg 1024w, https:\/\/drustvo-svjakob.si\/wp-content\/uploads\/2026\/01\/26_Skupinski-posnetek-vseh-r-omarjev-Drustva-sv.-Jakob-1-1024x768-1-300x225.jpg 300w, https:\/\/drustvo-svjakob.si\/wp-content\/uploads\/2026\/01\/26_Skupinski-posnetek-vseh-r-omarjev-Drustva-sv.-Jakob-1-1024x768-1-768x576.jpg 768w\" sizes=\"auto, (max-width: 1024px) 100vw, 1024px\" \/><\/figure>\n<\/div>\n\n\n\n<div class=\"wp-block-column is-vertically-aligned-center is-layout-flow wp-container-core-column-is-layout-a1628350 wp-block-column-is-layout-flow\" style=\"padding-top:0;padding-right:0;padding-bottom:0;padding-left:0\">\n<div class=\"wp-block-group is-layout-flow wp-container-core-group-is-layout-ff697075 wp-block-group-is-layout-flow\">\n<h3 class=\"wp-block-heading has-text-align-left has-superbfont-xlarge-font-size\" style=\"line-height:1.2\">Pridru\u017ei se nam &amp; postani \u010dlan na\u0161ega dru\u0161tva<\/h3>\n\n\n\n<p class=\"has-text-align-left has-mono-1-color has-text-color has-superbfont-small-font-size\">Dru\u0161tvo sv. Jakoba Kamnik je tesno povezano s Fran\u010di\u0161kanskim samostanom sv. Jakoba v Kamniku, kjer v dvorani ali na vrtu potekajo predavanja, pogovori, predstavitve knjig, projekcije filmov, koncerti, ki pritegnejo \u0161tevilne poslu\u0161alce iz lokalnega in \u0161ir\u0161ega okolja. Redno sodeluje tudi s Knji\u017enico Franceta Balanti\u010da Kamnik pri predstavitvah knjig in drugih literarnih dogodkih. Pomemben del programa predstavljajo ve\u010deri pripovedovanja zgodb, glasbeni ve\u010deri ter dogodki, ki spodbujajo medgeneracijsko povezovanje in ohranjanje lokalne dedi\u0161\u010dine, zgodb ter tradicije.<\/p>\n\n\n\n<p class=\"has-text-align-left has-mono-1-color has-text-color has-superbfont-small-font-size\">Prireditve pripravijo in vodijo \u010dlani dru\u0161tva, ki povabijo v goste poznavalce dolo\u010denih podro\u010dij, avtorje knjig ali filmov, navadno navezanih na na\u0161o ob\u010dino ali splo\u0161no tematiko, ki zanima ljudi.<\/p>\n\n\n\n<p class=\"has-luminous-vivid-amber-color has-text-color has-link-color wp-elements-e4f635f9c694ed95ed09daf0b33ea8cf\">Za ve\u010d informacij o \u010dlanstvu nas kontaktirajte na                 E-naslov: info[at]drustvo-svjakob.si<\/p>\n<\/div>\n<\/div>\n<\/div>\n<\/div>\n","protected":false},"excerpt":{"rendered":"<p>Pridru\u017ei se nam &amp; postani \u010dlan na\u0161ega dru\u0161tva Dru\u0161tvo sv. Jakoba Kamnik je tesno povezano s Fran\u010di\u0161kanskim samostanom sv. Jakoba v Kamniku, kjer v dvorani ali na vrtu potekajo predavanja, pogovori, predstavitve knjig, projekcije filmov, koncerti, ki pritegnejo \u0161tevilne poslu\u0161alce iz lokalnega in \u0161ir\u0161ega okolja. Redno sodeluje tudi s Knji\u017enico Franceta Balanti\u010da Kamnik pri predstavitvah [&hellip;]<\/p>\n","protected":false},"author":1,"featured_media":0,"parent":0,"menu_order":0,"comment_status":"closed","ping_status":"closed","template":"","meta":{"footnotes":""},"class_list":["post-102","page","type-page","status-publish","hentry"],"jetpack_sharing_enabled":true,"_links":{"self":[{"href":"https:\/\/drustvo-svjakob.si\/index.php\/wp-json\/wp\/v2\/pages\/102","targetHints":{"allow":["GET"]}}],"collection":[{"href":"https:\/\/drustvo-svjakob.si\/index.php\/wp-json\/wp\/v2\/pages"}],"about":[{"href":"https:\/\/drustvo-svjakob.si\/index.php\/wp-json\/wp\/v2\/types\/page"}],"author":[{"embeddable":true,"href":"https:\/\/drustvo-svjakob.si\/index.php\/wp-json\/wp\/v2\/users\/1"}],"replies":[{"embeddable":true,"href":"https:\/\/drustvo-svjakob.si\/index.php\/wp-json\/wp\/v2\/comments?post=102"}],"version-history":[{"count":6,"href":"https:\/\/drustvo-svjakob.si\/index.php\/wp-json\/wp\/v2\/pages\/102\/revisions"}],"predecessor-version":[{"id":132,"href":"https:\/\/drustvo-svjakob.si\/index.php\/wp-json\/wp\/v2\/pages\/102\/revisions\/132"}],"wp:attachment":[{"href":"https:\/\/drustvo-svjakob.si\/index.php\/wp-json\/wp\/v2\/media?parent=102"}],"curies":[{"name":"wp","href":"https:\/\/api.w.org\/{rel}","templated":true}]}}